{"id":137,"date":"2016-11-07T13:34:05","date_gmt":"2016-11-07T12:34:05","guid":{"rendered":"https:\/\/www.informatique-chambery.fr\/?page_id=137"},"modified":"2020-12-05T07:29:15","modified_gmt":"2020-12-05T06:29:15","slug":"sitemap","status":"publish","type":"page","link":"https:\/\/www.informatique-chambery.fr\/?page_id=137","title":{"rendered":"sitemap"},"content":{"rendered":"<p><strong><div class=\"wsp-container\"><h2 class=\"wsp-pages-title\">Pages<\/h2>\n<ul class=\"wsp-pages-list\">\n<li class=\"page_item page-item-250\"><a href=\"https:\/\/www.informatique-chambery.fr\/?page_id=250\">Contact et adresse<\/a><\/li>\n<li class=\"page_item page-item-343\"><a href=\"https:\/\/www.informatique-chambery.fr\/?page_id=343\">D\u00e9pannage et maintenance informatique<\/a><\/li>\n<li class=\"page_item page-item-767\"><a href=\"https:\/\/www.informatique-chambery.fr\/?page_id=767\">Formation<\/a><\/li>\n<li class=\"page_item page-item-54\"><a href=\"https:\/\/www.informatique-chambery.fr\/?page_id=54\">Mentions l\u00e9gales<\/a><\/li>\n<li class=\"page_item page-item-973\"><a href=\"https:\/\/www.informatique-chambery.fr\/?page_id=973\">Referencement Google<\/a><\/li>\n<li class=\"page_item page-item-85\"><a href=\"https:\/\/www.informatique-chambery.fr\/?page_id=85\">R\u00e9seaux et s\u00e9curit\u00e9<\/a><\/li>\n<li class=\"page_item page-item-137\"><a href=\"https:\/\/www.informatique-chambery.fr\/?page_id=137\">sitemap<\/a><\/li>\n<\/ul>\n<h2 class=\"wsp-posts-title\">Articles par cat\u00e9gorie<\/h2>\n<ul class=\"wsp-posts-list\">\n\t<li><strong class=\"wsp-category-title\">Cat\u00e9gorie\u00a0: <a href=\"https:\/\/www.informatique-chambery.fr\/?cat=15\">Accueil<\/a><\/strong>\n<ul class=\"wsp-posts-list\">\t\t<li class=\"wsp-post\"><a href=\"https:\/\/www.informatique-chambery.fr\/?p=1185\">Sensibilisation au Phishing<\/a><\/li>\n\t\t<li class=\"wsp-post\"><a href=\"https:\/\/www.informatique-chambery.fr\/?p=1146\">Contr\u00f4le d&rsquo;acc\u00e8s<\/a><\/li>\n\t\t<li class=\"wsp-post\"><a href=\"https:\/\/www.informatique-chambery.fr\/?p=1136\">Signal SPAM<\/a><\/li>\n\t\t<li class=\"wsp-post\"><a href=\"https:\/\/www.informatique-chambery.fr\/?p=1059\">S\u00e9curit\u00e9 des syst\u00e8mes<\/a><\/li>\n\t\t<li class=\"wsp-post\"><a href=\"https:\/\/www.informatique-chambery.fr\/?p=124\">Conseils et maintenance informatique<\/a><\/li>\n\t\t<li class=\"wsp-post\"><a href=\"https:\/\/www.informatique-chambery.fr\/?p=366\">R\u00e9paration ordinateurs et portables<\/a><\/li>\n<\/ul><\/li>\n\t<li><strong class=\"wsp-category-title\">Cat\u00e9gorie\u00a0: <a href=\"https:\/\/www.informatique-chambery.fr\/?cat=13\">clients<\/a><\/strong>\n<ul class=\"wsp-posts-list\">\t\t<li class=\"wsp-post\"><a href=\"https:\/\/www.informatique-chambery.fr\/?p=771\">Entreprises<\/a><\/li>\n<\/ul><\/li>\n\t<li><strong class=\"wsp-category-title\">Cat\u00e9gorie\u00a0: <a href=\"https:\/\/www.informatique-chambery.fr\/?cat=6\">Maintenance<\/a><\/strong>\n<ul class=\"wsp-posts-list\">\t\t<li class=\"wsp-post\"><a href=\"https:\/\/www.informatique-chambery.fr\/?p=27\">Mat\u00e9riel informatique<\/a><\/li>\n<\/ul><\/li>\n\t<li><strong class=\"wsp-category-title\">Cat\u00e9gorie\u00a0: <a href=\"https:\/\/www.informatique-chambery.fr\/?cat=7\">R\u00e9seaux et s\u00e9curit\u00e9<\/a><\/strong>\n<\/li>\n<\/ul>\n<\/div><\/strong><\/p>\n","protected":false},"excerpt":{"rendered":"","protected":false},"author":1,"featured_media":0,"parent":0,"menu_order":0,"comment_status":"closed","ping_status":"closed","template":"","meta":{"footnotes":""},"class_list":["post-137","page","type-page","status-publish","hentry"],"yoast_head":"<!-- This site is optimized with the Yoast SEO plugin v27.5 - https:\/\/yoast.com\/product\/yoast-seo-wordpress\/ -->\n<title>sitemap | Microsystem : Informatique Chamb\u00e9ry<\/title>\n<meta name=\"robots\" content=\"index, follow, max-snippet:-1, max-image-preview:large, max-video-preview:-1\" \/>\n<link rel=\"canonical\" href=\"https:\/\/www.informatique-chambery.fr\/?page_id=137\" \/>\n<meta name=\"twitter:card\" content=\"summary_large_image\" \/>\n<meta name=\"twitter:title\" content=\"sitemap | Microsystem : Informatique Chamb\u00e9ry\" \/>\n<meta name=\"twitter:site\" content=\"@WwwMicrosystem\" \/>\n<script type=\"application\/ld+json\" class=\"yoast-schema-graph\">{\"@context\":\"https:\\\/\\\/schema.org\",\"@graph\":[{\"@type\":\"WebPage\",\"@id\":\"https:\\\/\\\/www.informatique-chambery.fr\\\/?page_id=137\",\"url\":\"https:\\\/\\\/www.informatique-chambery.fr\\\/?page_id=137\",\"name\":\"sitemap | Microsystem : Informatique Chamb\u00e9ry\",\"isPartOf\":{\"@id\":\"https:\\\/\\\/www.informatique-chambery.fr\\\/#website\"},\"datePublished\":\"2016-11-07T12:34:05+00:00\",\"dateModified\":\"2020-12-05T06:29:15+00:00\",\"breadcrumb\":{\"@id\":\"https:\\\/\\\/www.informatique-chambery.fr\\\/?page_id=137#breadcrumb\"},\"inLanguage\":\"fr-FR\",\"potentialAction\":[{\"@type\":\"ReadAction\",\"target\":[\"https:\\\/\\\/www.informatique-chambery.fr\\\/?page_id=137\"]}]},{\"@type\":\"BreadcrumbList\",\"@id\":\"https:\\\/\\\/www.informatique-chambery.fr\\\/?page_id=137#breadcrumb\",\"itemListElement\":[{\"@type\":\"ListItem\",\"position\":1,\"name\":\"Accueil\",\"item\":\"https:\\\/\\\/www.informatique-chambery.fr\\\/\"},{\"@type\":\"ListItem\",\"position\":2,\"name\":\"sitemap\"}]},{\"@type\":\"WebSite\",\"@id\":\"https:\\\/\\\/www.informatique-chambery.fr\\\/#website\",\"url\":\"https:\\\/\\\/www.informatique-chambery.fr\\\/\",\"name\":\"Microsystem : Informatique Chamb\u00e9ry\",\"description\":\"Installation | Maintenance  |  S\u00e9curit\u00e9 syst\u00e8mes et r\u00e9seaux | t\u00e9l : 09.72.57.79.25\",\"publisher\":{\"@id\":\"https:\\\/\\\/www.informatique-chambery.fr\\\/#organization\"},\"potentialAction\":[{\"@type\":\"SearchAction\",\"target\":{\"@type\":\"EntryPoint\",\"urlTemplate\":\"https:\\\/\\\/www.informatique-chambery.fr\\\/?s={search_term_string}\"},\"query-input\":{\"@type\":\"PropertyValueSpecification\",\"valueRequired\":true,\"valueName\":\"search_term_string\"}}],\"inLanguage\":\"fr-FR\"},{\"@type\":\"Organization\",\"@id\":\"https:\\\/\\\/www.informatique-chambery.fr\\\/#organization\",\"name\":\"Informatique Pro\",\"url\":\"https:\\\/\\\/www.informatique-chambery.fr\\\/\",\"logo\":{\"@type\":\"ImageObject\",\"inLanguage\":\"fr-FR\",\"@id\":\"https:\\\/\\\/www.informatique-chambery.fr\\\/#\\\/schema\\\/logo\\\/image\\\/\",\"url\":\"https:\\\/\\\/www.informatique-chambery.fr\\\/wp-content\\\/uploads\\\/2019\\\/01\\\/Capture-du-2018-12-29-21-55-59.png\",\"contentUrl\":\"https:\\\/\\\/www.informatique-chambery.fr\\\/wp-content\\\/uploads\\\/2019\\\/01\\\/Capture-du-2018-12-29-21-55-59.png\",\"width\":747,\"height\":342,\"caption\":\"Informatique Pro\"},\"image\":{\"@id\":\"https:\\\/\\\/www.informatique-chambery.fr\\\/#\\\/schema\\\/logo\\\/image\\\/\"},\"sameAs\":[\"https:\\\/\\\/x.com\\\/WwwMicrosystem\",\"https:\\\/\\\/fr.linkedin.com\\\/in\\\/michel-tepes-596759bb\"]}]}<\/script>\n<!-- \/ Yoast SEO plugin. -->","yoast_head_json":{"title":"sitemap | Microsystem : Informatique Chamb\u00e9ry","robots":{"index":"index","follow":"follow","max-snippet":"max-snippet:-1","max-image-preview":"max-image-preview:large","max-video-preview":"max-video-preview:-1"},"canonical":"https:\/\/www.informatique-chambery.fr\/?page_id=137","twitter_card":"summary_large_image","twitter_title":"sitemap | Microsystem : Informatique Chamb\u00e9ry","twitter_site":"@WwwMicrosystem","schema":{"@context":"https:\/\/schema.org","@graph":[{"@type":"WebPage","@id":"https:\/\/www.informatique-chambery.fr\/?page_id=137","url":"https:\/\/www.informatique-chambery.fr\/?page_id=137","name":"sitemap | Microsystem : Informatique Chamb\u00e9ry","isPartOf":{"@id":"https:\/\/www.informatique-chambery.fr\/#website"},"datePublished":"2016-11-07T12:34:05+00:00","dateModified":"2020-12-05T06:29:15+00:00","breadcrumb":{"@id":"https:\/\/www.informatique-chambery.fr\/?page_id=137#breadcrumb"},"inLanguage":"fr-FR","potentialAction":[{"@type":"ReadAction","target":["https:\/\/www.informatique-chambery.fr\/?page_id=137"]}]},{"@type":"BreadcrumbList","@id":"https:\/\/www.informatique-chambery.fr\/?page_id=137#breadcrumb","itemListElement":[{"@type":"ListItem","position":1,"name":"Accueil","item":"https:\/\/www.informatique-chambery.fr\/"},{"@type":"ListItem","position":2,"name":"sitemap"}]},{"@type":"WebSite","@id":"https:\/\/www.informatique-chambery.fr\/#website","url":"https:\/\/www.informatique-chambery.fr\/","name":"Microsystem : Informatique Chamb\u00e9ry","description":"Installation | Maintenance  |  S\u00e9curit\u00e9 syst\u00e8mes et r\u00e9seaux | t\u00e9l : 09.72.57.79.25","publisher":{"@id":"https:\/\/www.informatique-chambery.fr\/#organization"},"potentialAction":[{"@type":"SearchAction","target":{"@type":"EntryPoint","urlTemplate":"https:\/\/www.informatique-chambery.fr\/?s={search_term_string}"},"query-input":{"@type":"PropertyValueSpecification","valueRequired":true,"valueName":"search_term_string"}}],"inLanguage":"fr-FR"},{"@type":"Organization","@id":"https:\/\/www.informatique-chambery.fr\/#organization","name":"Informatique Pro","url":"https:\/\/www.informatique-chambery.fr\/","logo":{"@type":"ImageObject","inLanguage":"fr-FR","@id":"https:\/\/www.informatique-chambery.fr\/#\/schema\/logo\/image\/","url":"https:\/\/www.informatique-chambery.fr\/wp-content\/uploads\/2019\/01\/Capture-du-2018-12-29-21-55-59.png","contentUrl":"https:\/\/www.informatique-chambery.fr\/wp-content\/uploads\/2019\/01\/Capture-du-2018-12-29-21-55-59.png","width":747,"height":342,"caption":"Informatique Pro"},"image":{"@id":"https:\/\/www.informatique-chambery.fr\/#\/schema\/logo\/image\/"},"sameAs":["https:\/\/x.com\/WwwMicrosystem","https:\/\/fr.linkedin.com\/in\/michel-tepes-596759bb"]}]}},"_links":{"self":[{"href":"https:\/\/www.informatique-chambery.fr\/index.php?rest_route=\/wp\/v2\/pages\/137","targetHints":{"allow":["GET"]}}],"collection":[{"href":"https:\/\/www.informatique-chambery.fr\/index.php?rest_route=\/wp\/v2\/pages"}],"about":[{"href":"https:\/\/www.informatique-chambery.fr\/index.php?rest_route=\/wp\/v2\/types\/page"}],"author":[{"embeddable":true,"href":"https:\/\/www.informatique-chambery.fr\/index.php?rest_route=\/wp\/v2\/users\/1"}],"replies":[{"embeddable":true,"href":"https:\/\/www.informatique-chambery.fr\/index.php?rest_route=%2Fwp%2Fv2%2Fcomments&post=137"}],"version-history":[{"count":2,"href":"https:\/\/www.informatique-chambery.fr\/index.php?rest_route=\/wp\/v2\/pages\/137\/revisions"}],"predecessor-version":[{"id":1002,"href":"https:\/\/www.informatique-chambery.fr\/index.php?rest_route=\/wp\/v2\/pages\/137\/revisions\/1002"}],"wp:attachment":[{"href":"https:\/\/www.informatique-chambery.fr\/index.php?rest_route=%2Fwp%2Fv2%2Fmedia&parent=137"}],"curies":[{"name":"wp","href":"https:\/\/api.w.org\/{rel}","templated":true}]}}