{"id":250,"date":"2017-01-01T17:47:29","date_gmt":"2017-01-01T16:47:29","guid":{"rendered":"http:\/\/www.informatique-chambery.fr\/?page_id=250"},"modified":"2021-06-27T18:02:59","modified_gmt":"2021-06-27T16:02:59","slug":"contact-adresse-et-horaires","status":"publish","type":"page","link":"https:\/\/www.informatique-chambery.fr\/?page_id=250","title":{"rendered":"Contact et adresse"},"content":{"rendered":"<div id=\"pl-250\" class=\"panel-layout\">\n<div id=\"pg-250-0\" class=\"panel-grid panel-no-style\">\n<div id=\"pgc-250-0-0\" class=\"panel-grid-cell\" data-weight=\"1\">\n<div id=\"panel-250-0-0-0\" class=\"so-panel widget widget_sow-editor panel-first-child\" data-index=\"0\" data-style=\"{&quot;background&quot;:&quot;#1c6087&quot;,&quot;background_image_attachment&quot;:false,&quot;background_display&quot;:&quot;center&quot;,&quot;border_color&quot;:&quot;#a5a5a5&quot;,&quot;font_color&quot;:&quot;#0c0c0c&quot;,&quot;link_color&quot;:&quot;#1e73be&quot;}\">\n<div class=\"panel-widget-style panel-widget-style-for-250-0-0-0\">\n<div class=\"so-widget-sow-editor so-widget-sow-editor-base\">\n<h3 class=\"widget-title\"><span style=\"font-family: ginger;\">contact Et AdressE<br \/>\n<\/span><\/h3>\n<\/div>\n<p style=\"text-align: center;\"><strong><span style=\"font-family: Arial, Helvetica, sans-serif; font-size: 14pt;\">Contact et adresse<\/span><\/strong><\/p>\n<div class=\"so-widget-sow-editor so-widget-sow-editor-base\">\n<div class=\"siteorigin-widget-tinymce textwidget\">\n<div class=\"siteorigin-widget-tinymce textwidget\">\n<p style=\"text-align: center;\"><strong><a href=\"https:\/\/www.informatique-chambery.fr\"><img loading=\"lazy\" decoding=\"async\" class=\"aligncenter wp-image-605\" src=\"https:\/\/www.informatique-chambery.fr\/wp-content\/uploads\/2020\/01\/BigLogoA3.png\" alt=\"Informatique Pro Chamb\u00e9ry\" width=\"267\" height=\"100\" \/><\/a><\/strong><span style=\"font-size: 14pt;\"><strong><span style=\"font-family: Arial, Helvetica, sans-serif;\"><span style=\"font-size: 12pt;\"><span style=\"font-size: 14pt;\">Lieu dit La Thuili\u00e8re &#8211; 73160 VIMINES\u00a0 &#8211; 09.72.57.79.25<\/span><br \/>\n<\/span><\/span><\/strong><\/span><\/p>\n<\/div>\n<p style=\"text-align: center;\"><a href=\"https:\/\/www.openstreetmap.org\/#map=13\/45.5514\/5.8895\" target=\"_blank\" rel=\"noopener noreferrer\"><img loading=\"lazy\" decoding=\"async\" class=\"alignnone wp-image-862 size-full\" title=\"Www.Microsystem sur OpenStreetMap\" src=\"https:\/\/www.informatique-chambery.fr\/wp-content\/uploads\/2020\/11\/Www-OpenStreetMap.png\" alt=\"Www-OpenStreetMap\" width=\"1218\" height=\"1089\" \/><\/a><\/p>\n<\/div>\n<\/div>\n<\/div>\n<\/div>\n<div id=\"panel-250-0-0-1\" class=\"so-panel widget widget_wp_statistics_widget panel-last-child\" data-index=\"1\">[siteorigin_widget class=\u00a0\u00bbWP_Statistics_Widget\u00a0\u00bb]<input type=\"hidden\" value=\"{&quot;instance&quot;:[],&quot;args&quot;:{&quot;before_widget&quot;:&quot;&lt;div id=\\&quot;panel-250-0-0-1\\&quot; class=\\&quot;so-panel widget widget_wp_statistics_widget panel-last-child\\&quot; data-index=\\&quot;1\\&quot; &gt;&quot;,&quot;after_widget&quot;:&quot;&lt;\\\/div&gt;&quot;,&quot;before_title&quot;:&quot;&lt;h3 class=\\&quot;widget-title\\&quot;&gt;&quot;,&quot;after_title&quot;:&quot;&lt;\\\/h3&gt;&quot;,&quot;widget_id&quot;:&quot;widget-0-0-1&quot;}}\" \/>[\/siteorigin_widget]<\/div>\n<\/div>\n<\/div>\n<\/div>\n<p><!-- Clarity tracking code for https:\/\/www.informatique-chambery.fr\/ --><br \/>\n<script>\n    (function(c,l,a,r,i,t,y){\n        c[a]=c[a]||function(){(c[a].q=c[a].q||[]).push(arguments)};\n        t=l.createElement(r);t.async=1;t.src=\"https:\/\/www.clarity.ms\/tag\/\"+i;\n        y=l.getElementsByTagName(r)[0];y.parentNode.insertBefore(t,y);\n    })(window, document, \"clarity\", \"script\", \"4e5331lazm\");\n<\/script><\/p>\n","protected":false},"excerpt":{"rendered":"<p>contact Et AdressE Contact et adresse Lieu dit La Thuili\u00e8re &#8211; 73160 VIMINES\u00a0 &#8211; 09.72.57.79.25 [siteorigin_widget class=\u00a0\u00bbWP_Statistics_Widget\u00a0\u00bb][\/siteorigin_widget]<\/p>\n","protected":false},"author":1,"featured_media":0,"parent":0,"menu_order":0,"comment_status":"closed","ping_status":"closed","template":"","meta":{"footnotes":""},"class_list":["post-250","page","type-page","status-publish","hentry"],"yoast_head":"<!-- This site is optimized with the Yoast SEO plugin v27.5 - https:\/\/yoast.com\/product\/yoast-seo-wordpress\/ -->\n<title>Contact responsable du site Microsystem : Informatique Chamb\u00e9ry<\/title>\n<meta name=\"description\" content=\"Vous trouverez ici les coordonn\u00e9es du reponsable du site www.informatique-chambery.fr : mail, t\u00e9l\u00e9phone, contact adresse et horaires\" \/>\n<meta name=\"robots\" content=\"index, follow, max-snippet:-1, max-image-preview:large, max-video-preview:-1\" \/>\n<link rel=\"canonical\" href=\"https:\/\/www.informatique-chambery.fr\/?page_id=250\" \/>\n<meta name=\"twitter:card\" content=\"summary_large_image\" \/>\n<meta name=\"twitter:title\" content=\"Contact responsable du site Microsystem : Informatique Chamb\u00e9ry\" \/>\n<meta name=\"twitter:description\" content=\"Vous trouverez ici les coordonn\u00e9es du reponsable du site www.informatique-chambery.fr : mail, t\u00e9l\u00e9phone, contact adresse et horaires\" \/>\n<meta name=\"twitter:image\" content=\"https:\/\/www.informatique-chambery.fr\/wp-content\/uploads\/2020\/01\/BigLogoA3.png\" \/>\n<meta name=\"twitter:site\" content=\"@WwwMicrosystem\" \/>\n<meta name=\"twitter:label1\" content=\"Dur\u00e9e de lecture estim\u00e9e\" \/>\n\t<meta name=\"twitter:data1\" content=\"1 minute\" \/>\n<script type=\"application\/ld+json\" class=\"yoast-schema-graph\">{\"@context\":\"https:\\\/\\\/schema.org\",\"@graph\":[{\"@type\":\"WebPage\",\"@id\":\"https:\\\/\\\/www.informatique-chambery.fr\\\/?page_id=250\",\"url\":\"https:\\\/\\\/www.informatique-chambery.fr\\\/?page_id=250\",\"name\":\"Contact responsable du site Microsystem : Informatique Chamb\u00e9ry\",\"isPartOf\":{\"@id\":\"https:\\\/\\\/www.informatique-chambery.fr\\\/#website\"},\"primaryImageOfPage\":{\"@id\":\"https:\\\/\\\/www.informatique-chambery.fr\\\/?page_id=250#primaryimage\"},\"image\":{\"@id\":\"https:\\\/\\\/www.informatique-chambery.fr\\\/?page_id=250#primaryimage\"},\"thumbnailUrl\":\"https:\\\/\\\/www.informatique-chambery.fr\\\/wp-content\\\/uploads\\\/2020\\\/01\\\/BigLogoA3.png\",\"datePublished\":\"2017-01-01T16:47:29+00:00\",\"dateModified\":\"2021-06-27T16:02:59+00:00\",\"description\":\"Vous trouverez ici les coordonn\u00e9es du reponsable du site www.informatique-chambery.fr : mail, t\u00e9l\u00e9phone, contact adresse et horaires\",\"breadcrumb\":{\"@id\":\"https:\\\/\\\/www.informatique-chambery.fr\\\/?page_id=250#breadcrumb\"},\"inLanguage\":\"fr-FR\",\"potentialAction\":[{\"@type\":\"ReadAction\",\"target\":[\"https:\\\/\\\/www.informatique-chambery.fr\\\/?page_id=250\"]}]},{\"@type\":\"ImageObject\",\"inLanguage\":\"fr-FR\",\"@id\":\"https:\\\/\\\/www.informatique-chambery.fr\\\/?page_id=250#primaryimage\",\"url\":\"https:\\\/\\\/www.informatique-chambery.fr\\\/wp-content\\\/uploads\\\/2020\\\/01\\\/BigLogoA3.png\",\"contentUrl\":\"https:\\\/\\\/www.informatique-chambery.fr\\\/wp-content\\\/uploads\\\/2020\\\/01\\\/BigLogoA3.png\",\"width\":350,\"height\":131,\"caption\":\"Informatique Pro Chamb\u00e9ry\"},{\"@type\":\"BreadcrumbList\",\"@id\":\"https:\\\/\\\/www.informatique-chambery.fr\\\/?page_id=250#breadcrumb\",\"itemListElement\":[{\"@type\":\"ListItem\",\"position\":1,\"name\":\"Accueil\",\"item\":\"https:\\\/\\\/www.informatique-chambery.fr\\\/\"},{\"@type\":\"ListItem\",\"position\":2,\"name\":\"Contact et adresse\"}]},{\"@type\":\"WebSite\",\"@id\":\"https:\\\/\\\/www.informatique-chambery.fr\\\/#website\",\"url\":\"https:\\\/\\\/www.informatique-chambery.fr\\\/\",\"name\":\"Microsystem : Informatique Chamb\u00e9ry\",\"description\":\"Installation | Maintenance  |  S\u00e9curit\u00e9 syst\u00e8mes et r\u00e9seaux | t\u00e9l : 09.72.57.79.25\",\"publisher\":{\"@id\":\"https:\\\/\\\/www.informatique-chambery.fr\\\/#organization\"},\"potentialAction\":[{\"@type\":\"SearchAction\",\"target\":{\"@type\":\"EntryPoint\",\"urlTemplate\":\"https:\\\/\\\/www.informatique-chambery.fr\\\/?s={search_term_string}\"},\"query-input\":{\"@type\":\"PropertyValueSpecification\",\"valueRequired\":true,\"valueName\":\"search_term_string\"}}],\"inLanguage\":\"fr-FR\"},{\"@type\":\"Organization\",\"@id\":\"https:\\\/\\\/www.informatique-chambery.fr\\\/#organization\",\"name\":\"Informatique Pro\",\"url\":\"https:\\\/\\\/www.informatique-chambery.fr\\\/\",\"logo\":{\"@type\":\"ImageObject\",\"inLanguage\":\"fr-FR\",\"@id\":\"https:\\\/\\\/www.informatique-chambery.fr\\\/#\\\/schema\\\/logo\\\/image\\\/\",\"url\":\"https:\\\/\\\/www.informatique-chambery.fr\\\/wp-content\\\/uploads\\\/2019\\\/01\\\/Capture-du-2018-12-29-21-55-59.png\",\"contentUrl\":\"https:\\\/\\\/www.informatique-chambery.fr\\\/wp-content\\\/uploads\\\/2019\\\/01\\\/Capture-du-2018-12-29-21-55-59.png\",\"width\":747,\"height\":342,\"caption\":\"Informatique Pro\"},\"image\":{\"@id\":\"https:\\\/\\\/www.informatique-chambery.fr\\\/#\\\/schema\\\/logo\\\/image\\\/\"},\"sameAs\":[\"https:\\\/\\\/x.com\\\/WwwMicrosystem\",\"https:\\\/\\\/fr.linkedin.com\\\/in\\\/michel-tepes-596759bb\"]}]}<\/script>\n<!-- \/ Yoast SEO plugin. -->","yoast_head_json":{"title":"Contact responsable du site Microsystem : Informatique Chamb\u00e9ry","description":"Vous trouverez ici les coordonn\u00e9es du reponsable du site www.informatique-chambery.fr : mail, t\u00e9l\u00e9phone, contact adresse et horaires","robots":{"index":"index","follow":"follow","max-snippet":"max-snippet:-1","max-image-preview":"max-image-preview:large","max-video-preview":"max-video-preview:-1"},"canonical":"https:\/\/www.informatique-chambery.fr\/?page_id=250","twitter_card":"summary_large_image","twitter_title":"Contact responsable du site Microsystem : Informatique Chamb\u00e9ry","twitter_description":"Vous trouverez ici les coordonn\u00e9es du reponsable du site www.informatique-chambery.fr : mail, t\u00e9l\u00e9phone, contact adresse et horaires","twitter_image":"https:\/\/www.informatique-chambery.fr\/wp-content\/uploads\/2020\/01\/BigLogoA3.png","twitter_site":"@WwwMicrosystem","twitter_misc":{"Dur\u00e9e de lecture estim\u00e9e":"1 minute"},"schema":{"@context":"https:\/\/schema.org","@graph":[{"@type":"WebPage","@id":"https:\/\/www.informatique-chambery.fr\/?page_id=250","url":"https:\/\/www.informatique-chambery.fr\/?page_id=250","name":"Contact responsable du site Microsystem : Informatique Chamb\u00e9ry","isPartOf":{"@id":"https:\/\/www.informatique-chambery.fr\/#website"},"primaryImageOfPage":{"@id":"https:\/\/www.informatique-chambery.fr\/?page_id=250#primaryimage"},"image":{"@id":"https:\/\/www.informatique-chambery.fr\/?page_id=250#primaryimage"},"thumbnailUrl":"https:\/\/www.informatique-chambery.fr\/wp-content\/uploads\/2020\/01\/BigLogoA3.png","datePublished":"2017-01-01T16:47:29+00:00","dateModified":"2021-06-27T16:02:59+00:00","description":"Vous trouverez ici les coordonn\u00e9es du reponsable du site www.informatique-chambery.fr : mail, t\u00e9l\u00e9phone, contact adresse et horaires","breadcrumb":{"@id":"https:\/\/www.informatique-chambery.fr\/?page_id=250#breadcrumb"},"inLanguage":"fr-FR","potentialAction":[{"@type":"ReadAction","target":["https:\/\/www.informatique-chambery.fr\/?page_id=250"]}]},{"@type":"ImageObject","inLanguage":"fr-FR","@id":"https:\/\/www.informatique-chambery.fr\/?page_id=250#primaryimage","url":"https:\/\/www.informatique-chambery.fr\/wp-content\/uploads\/2020\/01\/BigLogoA3.png","contentUrl":"https:\/\/www.informatique-chambery.fr\/wp-content\/uploads\/2020\/01\/BigLogoA3.png","width":350,"height":131,"caption":"Informatique Pro Chamb\u00e9ry"},{"@type":"BreadcrumbList","@id":"https:\/\/www.informatique-chambery.fr\/?page_id=250#breadcrumb","itemListElement":[{"@type":"ListItem","position":1,"name":"Accueil","item":"https:\/\/www.informatique-chambery.fr\/"},{"@type":"ListItem","position":2,"name":"Contact et adresse"}]},{"@type":"WebSite","@id":"https:\/\/www.informatique-chambery.fr\/#website","url":"https:\/\/www.informatique-chambery.fr\/","name":"Microsystem : Informatique Chamb\u00e9ry","description":"Installation | Maintenance  |  S\u00e9curit\u00e9 syst\u00e8mes et r\u00e9seaux | t\u00e9l : 09.72.57.79.25","publisher":{"@id":"https:\/\/www.informatique-chambery.fr\/#organization"},"potentialAction":[{"@type":"SearchAction","target":{"@type":"EntryPoint","urlTemplate":"https:\/\/www.informatique-chambery.fr\/?s={search_term_string}"},"query-input":{"@type":"PropertyValueSpecification","valueRequired":true,"valueName":"search_term_string"}}],"inLanguage":"fr-FR"},{"@type":"Organization","@id":"https:\/\/www.informatique-chambery.fr\/#organization","name":"Informatique Pro","url":"https:\/\/www.informatique-chambery.fr\/","logo":{"@type":"ImageObject","inLanguage":"fr-FR","@id":"https:\/\/www.informatique-chambery.fr\/#\/schema\/logo\/image\/","url":"https:\/\/www.informatique-chambery.fr\/wp-content\/uploads\/2019\/01\/Capture-du-2018-12-29-21-55-59.png","contentUrl":"https:\/\/www.informatique-chambery.fr\/wp-content\/uploads\/2019\/01\/Capture-du-2018-12-29-21-55-59.png","width":747,"height":342,"caption":"Informatique Pro"},"image":{"@id":"https:\/\/www.informatique-chambery.fr\/#\/schema\/logo\/image\/"},"sameAs":["https:\/\/x.com\/WwwMicrosystem","https:\/\/fr.linkedin.com\/in\/michel-tepes-596759bb"]}]}},"_links":{"self":[{"href":"https:\/\/www.informatique-chambery.fr\/index.php?rest_route=\/wp\/v2\/pages\/250","targetHints":{"allow":["GET"]}}],"collection":[{"href":"https:\/\/www.informatique-chambery.fr\/index.php?rest_route=\/wp\/v2\/pages"}],"about":[{"href":"https:\/\/www.informatique-chambery.fr\/index.php?rest_route=\/wp\/v2\/types\/page"}],"author":[{"embeddable":true,"href":"https:\/\/www.informatique-chambery.fr\/index.php?rest_route=\/wp\/v2\/users\/1"}],"replies":[{"embeddable":true,"href":"https:\/\/www.informatique-chambery.fr\/index.php?rest_route=%2Fwp%2Fv2%2Fcomments&post=250"}],"version-history":[{"count":46,"href":"https:\/\/www.informatique-chambery.fr\/index.php?rest_route=\/wp\/v2\/pages\/250\/revisions"}],"predecessor-version":[{"id":1030,"href":"https:\/\/www.informatique-chambery.fr\/index.php?rest_route=\/wp\/v2\/pages\/250\/revisions\/1030"}],"wp:attachment":[{"href":"https:\/\/www.informatique-chambery.fr\/index.php?rest_route=%2Fwp%2Fv2%2Fmedia&parent=250"}],"curies":[{"name":"wp","href":"https:\/\/api.w.org\/{rel}","templated":true}]}}