{"id":343,"date":"2017-01-08T23:07:08","date_gmt":"2017-01-08T22:07:08","guid":{"rendered":"https:\/\/www.informatique-chambery.fr\/?page_id=343"},"modified":"2021-06-27T18:01:41","modified_gmt":"2021-06-27T16:01:41","slug":"depannage-et-maintenance-informatique","status":"publish","type":"page","link":"https:\/\/www.informatique-chambery.fr\/?page_id=343","title":{"rendered":"D\u00e9pannage et maintenance informatique"},"content":{"rendered":"<h3><img loading=\"lazy\" decoding=\"async\" class=\"size-full wp-image-198 alignright\" src=\"https:\/\/www.informatique-chambery.fr\/wp-content\/uploads\/2016\/11\/Tower.png\" alt=\"\" width=\"90\" height=\"90\" \/><img loading=\"lazy\" decoding=\"async\" class=\"wp-image-185 alignright\" src=\"https:\/\/www.informatique-chambery.fr\/wp-content\/uploads\/2016\/11\/Laptop.png\" alt=\"\" width=\"80\" height=\"80\" \/><\/h3>\n<p><span style=\"font-family: Arial, Helvetica, sans-serif;\">Faites appel \u00e0 nos services pour un\u00a0<strong>d\u00e9pannage et maintenance informatique :<br \/>\n<\/strong><\/span><\/p>\n<p><span style=\"font-family: Arial, Helvetica, sans-serif;\">Les r\u00e9parations dans nos locaux ou sur site de votre mat\u00e9riel informatique : ordinateur, \u00e9cran de portable, serveur, disque dur\u2026\u00a0<\/span><\/p>\n<p><span style=\"font-family: Arial, Helvetica, sans-serif;\">La configuration et la gestion vos BOX, routeurs et firewall pour acc\u00e9der pleinement \u00e0 Internet.<\/span><\/p>\n<p><span style=\"font-family: Arial, Helvetica, sans-serif;\">Le param\u00e9trer de vos imprimantes ou copieurs en r\u00e9seaux, vos dossiers partag\u00e9s ainsi que votre messagerie, votre VPN et le t\u00e9l\u00e9travail si besoin.<\/span><\/p>\n<p><span style=\"font-family: Arial, Helvetica, sans-serif;\">Nous vous accompagnons aussi vers les bonnes pratiques informatiques : Antivirus, antispyware, pare-feu, sauvegardes, restauration<br \/>\n<\/span><\/p>\n<p><span style=\"font-family: Arial, Helvetica, sans-serif;\">Un nettoyage physique et une optimisation de vos syst\u00e8mes vous seront \u00e9galement propos\u00e9s pour un usage ad\u00e9quat de votre mat\u00e9riel.<\/span><\/p>\n<p><span style=\"font-family: Arial, Helvetica, sans-serif;\">Dans le cadre du d\u00e9veloppement durable et de l&rsquo;\u00e9conomie circulaire (R\u00e9par&rsquo;acteur), nous vous proposons de recycler vos ordinateurs d\u00e9class\u00e9s et vos anciens syst\u00e8mes par l&rsquo;installation de syst\u00e8mes r\u00e9cents, libres, gratuits, et s\u00e9curis\u00e9s. <\/span><\/p>\n<h3 class=\"wp-block-image size-large\"><strong>LOGICIELS PROFESSIONNELS :<\/strong><\/h3>\n<ul>\n<li><strong><a href=\"https:\/\/www.dolibarr.org\/?lang=fr&amp;l=fr\" target=\"_blank\" rel=\"noopener noreferrer\">Dolibarr<\/a> :\u00a0<\/strong> Un logiciel professionnel de gestion int\u00e9gr\u00e9 (PGI) d\u2019entreprises ou d\u2019associations. Il poss\u00e8des de nombreux modules pour une gestion commerciale, comptable et de production de l\u2019entreprise. Orient\u00e9 TPE, PME\u00a0 il fera l\u2019affaire de tous les ind\u00e9pendants, auto-entrepreneurs et TPE , mais aussi pour la bonne gestion des adh\u00e9rents et du bureau des associations.<\/li>\n<li><a href=\"https:\/\/owncloud.com\/fr\/produit\/\" target=\"_blank\" rel=\"noopener noreferrer\"><strong>Owncloud <\/strong><\/a>: Logiciel libre, d\u2019h\u00e9bergement et de partage de fichiers mais aussi plateforme de collaboration. Permet la sauvegarde automatique des dossiers via les r\u00e9seaux et Internet -&gt;<em> EX : Ubuntu avec le couple Owncloud\/D\u00e9j\u00e0 Dup = sauvegarde automatique en mode \u00ab\u00a0cloud\u00a0\u00bb + restauration \u00e0 la demande <\/em><\/li>\n<li><a href=\"https:\/\/glpi-project.org\/fr\/fonctionnalites\/\" target=\"_blank\" rel=\"noopener noreferrer\"><strong>GLPI<\/strong> <\/a>: un logiciel libre d\u2019inventaire complet de parc, ticketing et support (Mat\u00e9riel, logiciel, suivi comptable et investissements&#8230;)<\/li>\n<li><a href=\"https:\/\/fr.libreoffice.org\/\" target=\"_blank\" rel=\"noopener noreferrer\"><strong>LibreOffice <\/strong><\/a>: Suite bureautique Open Source compl\u00e8te (Traitement de texte, tableur, pr\u00e9sentation, base de donn\u00e9es,&#8230;)<\/li>\n<li><strong><a href=\"https:\/\/veyon.io\/\" target=\"_blank\" rel=\"noopener noreferrer\">Veyon<\/a> : <\/strong>Logiciel libre fork d&rsquo;Italc pour le suivi des postes de travail des \u00e9tudiants et le monitoring de classes enti\u00e8res.<\/li>\n<\/ul>\n<p><span style=\"font-family: Arial, Helvetica, sans-serif;\">P<\/span><span style=\"font-family: Arial, Helvetica, sans-serif;\">our migrer vos anciens syst\u00e8mes\u00a0 Windows 7 obsol\u00e8tes vers une solution libre, contactez-nous au\u00a0 <span style=\"color: #333399;\"><strong>09.72.57.79.25<\/strong><\/span><br \/>\n<\/span><\/p>\n<p><span style=\"font-family: Arial, Helvetica, sans-serif;\">Venez aussi d\u00e9couvrir les nombreuses distributions ici : <span style=\"color: #333399;\"><strong><a style=\"color: #333399;\" href=\"https:\/\/distrowatch.com\/\" target=\"_blank\" rel=\"noopener noreferrer\">https:\/\/distrowatch.com\/<\/a><\/strong><\/span><br \/>\n<\/span><\/p>\n<ul>\n<li><\/li>\n<\/ul>\n<p><span style=\"font-family: Arial, Helvetica, sans-serif;\"><span style=\"color: #000080;\">D\u00e9pannage et maintenance informatique : Cliquez ci-apr\u00e8s pour <a style=\"color: #000080;\" href=\"https:\/\/www.informatique-chambery.fr\/?p=771\" target=\"_blank\" rel=\"noopener noreferrer\"> votre entreprise ou association.<\/a><\/span><br \/>\n<\/span><\/p>\n<ul>\n<li><\/li>\n<\/ul>\n<pre><span style=\"font-family: ginger;\">Appelez le :  0972.577.925\r\nou par mail : <a href=\"mailto:support@informatique-chambery.fr\">support@informatique-chambery.fr<\/a><\/span><\/pre>\n","protected":false},"excerpt":{"rendered":"<p>Faites appel \u00e0 nos services pour un\u00a0d\u00e9pannage et maintenance informatique : Les r\u00e9parations dans nos locaux ou sur site de votre mat\u00e9riel informatique : ordinateur, \u00e9cran de portable, serveur, disque dur\u2026\u00a0 La configuration et la gestion vos BOX, routeurs et firewall pour acc\u00e9der pleinement \u00e0 Internet. Le param\u00e9trer de vos imprimantes ou copieurs en r\u00e9seaux, [&hellip;]<\/p>\n","protected":false},"author":1,"featured_media":0,"parent":0,"menu_order":0,"comment_status":"closed","ping_status":"closed","template":"","meta":{"footnotes":""},"class_list":["post-343","page","type-page","status-publish","hentry"],"yoast_head":"<!-- This site is optimized with the Yoast SEO plugin v27.5 - https:\/\/yoast.com\/product\/yoast-seo-wordpress\/ -->\n<title>D\u00e9pannage et maintenance informatique | Microsystem : Informatique Chamb\u00e9ry<\/title>\n<meta name=\"description\" content=\"D\u00e9pannage et maintenance informatique, un responsable informatique vous accompagne : conseils, gestion de parc, r\u00e9parations, s\u00e9curit\u00e9 r\u00e9seaux\" \/>\n<meta name=\"robots\" content=\"index, follow, max-snippet:-1, max-image-preview:large, max-video-preview:-1\" \/>\n<link rel=\"canonical\" href=\"https:\/\/www.informatique-chambery.fr\/?page_id=343\" \/>\n<meta name=\"twitter:card\" content=\"summary_large_image\" \/>\n<meta name=\"twitter:title\" content=\"D\u00e9pannage et maintenance informatique | Microsystem : Informatique Chamb\u00e9ry\" \/>\n<meta name=\"twitter:description\" content=\"D\u00e9pannage et maintenance informatique, un responsable informatique vous accompagne : conseils, gestion de parc, r\u00e9parations, s\u00e9curit\u00e9 r\u00e9seaux\" \/>\n<meta name=\"twitter:image\" content=\"https:\/\/www.informatique-chambery.fr\/wp-content\/uploads\/2016\/11\/Tower.png\" \/>\n<meta name=\"twitter:site\" content=\"@WwwMicrosystem\" \/>\n<meta name=\"twitter:label1\" content=\"Dur\u00e9e de lecture estim\u00e9e\" \/>\n\t<meta name=\"twitter:data1\" content=\"2 minutes\" \/>\n<script type=\"application\/ld+json\" class=\"yoast-schema-graph\">{\"@context\":\"https:\\\/\\\/schema.org\",\"@graph\":[{\"@type\":\"WebPage\",\"@id\":\"https:\\\/\\\/www.informatique-chambery.fr\\\/?page_id=343\",\"url\":\"https:\\\/\\\/www.informatique-chambery.fr\\\/?page_id=343\",\"name\":\"D\u00e9pannage et maintenance informatique | Microsystem : Informatique Chamb\u00e9ry\",\"isPartOf\":{\"@id\":\"https:\\\/\\\/www.informatique-chambery.fr\\\/#website\"},\"primaryImageOfPage\":{\"@id\":\"https:\\\/\\\/www.informatique-chambery.fr\\\/?page_id=343#primaryimage\"},\"image\":{\"@id\":\"https:\\\/\\\/www.informatique-chambery.fr\\\/?page_id=343#primaryimage\"},\"thumbnailUrl\":\"https:\\\/\\\/www.informatique-chambery.fr\\\/wp-content\\\/uploads\\\/2016\\\/11\\\/Tower.png\",\"datePublished\":\"2017-01-08T22:07:08+00:00\",\"dateModified\":\"2021-06-27T16:01:41+00:00\",\"description\":\"D\u00e9pannage et maintenance informatique, un responsable informatique vous accompagne : conseils, gestion de parc, r\u00e9parations, s\u00e9curit\u00e9 r\u00e9seaux\",\"breadcrumb\":{\"@id\":\"https:\\\/\\\/www.informatique-chambery.fr\\\/?page_id=343#breadcrumb\"},\"inLanguage\":\"fr-FR\",\"potentialAction\":[{\"@type\":\"ReadAction\",\"target\":[\"https:\\\/\\\/www.informatique-chambery.fr\\\/?page_id=343\"]}]},{\"@type\":\"ImageObject\",\"inLanguage\":\"fr-FR\",\"@id\":\"https:\\\/\\\/www.informatique-chambery.fr\\\/?page_id=343#primaryimage\",\"url\":\"https:\\\/\\\/www.informatique-chambery.fr\\\/wp-content\\\/uploads\\\/2016\\\/11\\\/Tower.png\",\"contentUrl\":\"https:\\\/\\\/www.informatique-chambery.fr\\\/wp-content\\\/uploads\\\/2016\\\/11\\\/Tower.png\",\"width\":128,\"height\":128},{\"@type\":\"BreadcrumbList\",\"@id\":\"https:\\\/\\\/www.informatique-chambery.fr\\\/?page_id=343#breadcrumb\",\"itemListElement\":[{\"@type\":\"ListItem\",\"position\":1,\"name\":\"Accueil\",\"item\":\"https:\\\/\\\/www.informatique-chambery.fr\\\/\"},{\"@type\":\"ListItem\",\"position\":2,\"name\":\"D\u00e9pannage et maintenance informatique\"}]},{\"@type\":\"WebSite\",\"@id\":\"https:\\\/\\\/www.informatique-chambery.fr\\\/#website\",\"url\":\"https:\\\/\\\/www.informatique-chambery.fr\\\/\",\"name\":\"Microsystem : Informatique Chamb\u00e9ry\",\"description\":\"Installation | Maintenance  |  S\u00e9curit\u00e9 syst\u00e8mes et r\u00e9seaux | t\u00e9l : 09.72.57.79.25\",\"publisher\":{\"@id\":\"https:\\\/\\\/www.informatique-chambery.fr\\\/#organization\"},\"potentialAction\":[{\"@type\":\"SearchAction\",\"target\":{\"@type\":\"EntryPoint\",\"urlTemplate\":\"https:\\\/\\\/www.informatique-chambery.fr\\\/?s={search_term_string}\"},\"query-input\":{\"@type\":\"PropertyValueSpecification\",\"valueRequired\":true,\"valueName\":\"search_term_string\"}}],\"inLanguage\":\"fr-FR\"},{\"@type\":\"Organization\",\"@id\":\"https:\\\/\\\/www.informatique-chambery.fr\\\/#organization\",\"name\":\"Informatique Pro\",\"url\":\"https:\\\/\\\/www.informatique-chambery.fr\\\/\",\"logo\":{\"@type\":\"ImageObject\",\"inLanguage\":\"fr-FR\",\"@id\":\"https:\\\/\\\/www.informatique-chambery.fr\\\/#\\\/schema\\\/logo\\\/image\\\/\",\"url\":\"https:\\\/\\\/www.informatique-chambery.fr\\\/wp-content\\\/uploads\\\/2019\\\/01\\\/Capture-du-2018-12-29-21-55-59.png\",\"contentUrl\":\"https:\\\/\\\/www.informatique-chambery.fr\\\/wp-content\\\/uploads\\\/2019\\\/01\\\/Capture-du-2018-12-29-21-55-59.png\",\"width\":747,\"height\":342,\"caption\":\"Informatique Pro\"},\"image\":{\"@id\":\"https:\\\/\\\/www.informatique-chambery.fr\\\/#\\\/schema\\\/logo\\\/image\\\/\"},\"sameAs\":[\"https:\\\/\\\/x.com\\\/WwwMicrosystem\",\"https:\\\/\\\/fr.linkedin.com\\\/in\\\/michel-tepes-596759bb\"]}]}<\/script>\n<!-- \/ Yoast SEO plugin. -->","yoast_head_json":{"title":"D\u00e9pannage et maintenance informatique | Microsystem : Informatique Chamb\u00e9ry","description":"D\u00e9pannage et maintenance informatique, un responsable informatique vous accompagne : conseils, gestion de parc, r\u00e9parations, s\u00e9curit\u00e9 r\u00e9seaux","robots":{"index":"index","follow":"follow","max-snippet":"max-snippet:-1","max-image-preview":"max-image-preview:large","max-video-preview":"max-video-preview:-1"},"canonical":"https:\/\/www.informatique-chambery.fr\/?page_id=343","twitter_card":"summary_large_image","twitter_title":"D\u00e9pannage et maintenance informatique | Microsystem : Informatique Chamb\u00e9ry","twitter_description":"D\u00e9pannage et maintenance informatique, un responsable informatique vous accompagne : conseils, gestion de parc, r\u00e9parations, s\u00e9curit\u00e9 r\u00e9seaux","twitter_image":"https:\/\/www.informatique-chambery.fr\/wp-content\/uploads\/2016\/11\/Tower.png","twitter_site":"@WwwMicrosystem","twitter_misc":{"Dur\u00e9e de lecture estim\u00e9e":"2 minutes"},"schema":{"@context":"https:\/\/schema.org","@graph":[{"@type":"WebPage","@id":"https:\/\/www.informatique-chambery.fr\/?page_id=343","url":"https:\/\/www.informatique-chambery.fr\/?page_id=343","name":"D\u00e9pannage et maintenance informatique | Microsystem : Informatique Chamb\u00e9ry","isPartOf":{"@id":"https:\/\/www.informatique-chambery.fr\/#website"},"primaryImageOfPage":{"@id":"https:\/\/www.informatique-chambery.fr\/?page_id=343#primaryimage"},"image":{"@id":"https:\/\/www.informatique-chambery.fr\/?page_id=343#primaryimage"},"thumbnailUrl":"https:\/\/www.informatique-chambery.fr\/wp-content\/uploads\/2016\/11\/Tower.png","datePublished":"2017-01-08T22:07:08+00:00","dateModified":"2021-06-27T16:01:41+00:00","description":"D\u00e9pannage et maintenance informatique, un responsable informatique vous accompagne : conseils, gestion de parc, r\u00e9parations, s\u00e9curit\u00e9 r\u00e9seaux","breadcrumb":{"@id":"https:\/\/www.informatique-chambery.fr\/?page_id=343#breadcrumb"},"inLanguage":"fr-FR","potentialAction":[{"@type":"ReadAction","target":["https:\/\/www.informatique-chambery.fr\/?page_id=343"]}]},{"@type":"ImageObject","inLanguage":"fr-FR","@id":"https:\/\/www.informatique-chambery.fr\/?page_id=343#primaryimage","url":"https:\/\/www.informatique-chambery.fr\/wp-content\/uploads\/2016\/11\/Tower.png","contentUrl":"https:\/\/www.informatique-chambery.fr\/wp-content\/uploads\/2016\/11\/Tower.png","width":128,"height":128},{"@type":"BreadcrumbList","@id":"https:\/\/www.informatique-chambery.fr\/?page_id=343#breadcrumb","itemListElement":[{"@type":"ListItem","position":1,"name":"Accueil","item":"https:\/\/www.informatique-chambery.fr\/"},{"@type":"ListItem","position":2,"name":"D\u00e9pannage et maintenance informatique"}]},{"@type":"WebSite","@id":"https:\/\/www.informatique-chambery.fr\/#website","url":"https:\/\/www.informatique-chambery.fr\/","name":"Microsystem : Informatique Chamb\u00e9ry","description":"Installation | Maintenance  |  S\u00e9curit\u00e9 syst\u00e8mes et r\u00e9seaux | t\u00e9l : 09.72.57.79.25","publisher":{"@id":"https:\/\/www.informatique-chambery.fr\/#organization"},"potentialAction":[{"@type":"SearchAction","target":{"@type":"EntryPoint","urlTemplate":"https:\/\/www.informatique-chambery.fr\/?s={search_term_string}"},"query-input":{"@type":"PropertyValueSpecification","valueRequired":true,"valueName":"search_term_string"}}],"inLanguage":"fr-FR"},{"@type":"Organization","@id":"https:\/\/www.informatique-chambery.fr\/#organization","name":"Informatique Pro","url":"https:\/\/www.informatique-chambery.fr\/","logo":{"@type":"ImageObject","inLanguage":"fr-FR","@id":"https:\/\/www.informatique-chambery.fr\/#\/schema\/logo\/image\/","url":"https:\/\/www.informatique-chambery.fr\/wp-content\/uploads\/2019\/01\/Capture-du-2018-12-29-21-55-59.png","contentUrl":"https:\/\/www.informatique-chambery.fr\/wp-content\/uploads\/2019\/01\/Capture-du-2018-12-29-21-55-59.png","width":747,"height":342,"caption":"Informatique Pro"},"image":{"@id":"https:\/\/www.informatique-chambery.fr\/#\/schema\/logo\/image\/"},"sameAs":["https:\/\/x.com\/WwwMicrosystem","https:\/\/fr.linkedin.com\/in\/michel-tepes-596759bb"]}]}},"_links":{"self":[{"href":"https:\/\/www.informatique-chambery.fr\/index.php?rest_route=\/wp\/v2\/pages\/343","targetHints":{"allow":["GET"]}}],"collection":[{"href":"https:\/\/www.informatique-chambery.fr\/index.php?rest_route=\/wp\/v2\/pages"}],"about":[{"href":"https:\/\/www.informatique-chambery.fr\/index.php?rest_route=\/wp\/v2\/types\/page"}],"author":[{"embeddable":true,"href":"https:\/\/www.informatique-chambery.fr\/index.php?rest_route=\/wp\/v2\/users\/1"}],"replies":[{"embeddable":true,"href":"https:\/\/www.informatique-chambery.fr\/index.php?rest_route=%2Fwp%2Fv2%2Fcomments&post=343"}],"version-history":[{"count":26,"href":"https:\/\/www.informatique-chambery.fr\/index.php?rest_route=\/wp\/v2\/pages\/343\/revisions"}],"predecessor-version":[{"id":1106,"href":"https:\/\/www.informatique-chambery.fr\/index.php?rest_route=\/wp\/v2\/pages\/343\/revisions\/1106"}],"wp:attachment":[{"href":"https:\/\/www.informatique-chambery.fr\/index.php?rest_route=%2Fwp%2Fv2%2Fmedia&parent=343"}],"curies":[{"name":"wp","href":"https:\/\/api.w.org\/{rel}","templated":true}]}}