{"id":767,"date":"2020-11-14T12:57:15","date_gmt":"2020-11-14T11:57:15","guid":{"rendered":"https:\/\/www.informatique-chambery.fr\/?page_id=767"},"modified":"2021-06-27T17:55:16","modified_gmt":"2021-06-27T15:55:16","slug":"formation","status":"publish","type":"page","link":"https:\/\/www.informatique-chambery.fr\/?page_id=767","title":{"rendered":"Formation"},"content":{"rendered":"<p><span style=\"font-family: Arial, Helvetica, sans-serif; font-size: 12pt;\">Formations dispens\u00e9es : A suivre&#8230;\u00a0 sur <\/span><strong><a href=\"https:\/\/www.librepme.net\/chamilo\/\"><span style=\"font-family: Arial, Helvetica, sans-serif; font-size: 12pt;\">LibrePME<\/span><\/a><\/strong><\/p>\n<div id=\"attachment_810\" style=\"width: 1222px\" class=\"wp-caption aligncenter\"><a href=\"https:\/\/www.librepme.net\/chamilo\/\" target=\"_blank\" rel=\"noopener noreferrer\"><img loading=\"lazy\" decoding=\"async\" aria-describedby=\"caption-attachment-810\" class=\"size-full wp-image-810\" src=\"https:\/\/www.informatique-chambery.fr\/wp-content\/uploads\/2020\/11\/Formation-WebLibrePME.png\" alt=\"Formation Informatique\" width=\"1212\" height=\"921\" \/><\/a><p id=\"caption-attachment-810\" class=\"wp-caption-text\">Formation \u00ab\u00a0www.informatique-chambery.fr\u00a0\u00bb<\/p><\/div>\n<p>&nbsp;<\/p>\n","protected":false},"excerpt":{"rendered":"<p>Formations dispens\u00e9es : A suivre&#8230;\u00a0 sur LibrePME &nbsp;<\/p>\n","protected":false},"author":1,"featured_media":0,"parent":0,"menu_order":0,"comment_status":"closed","ping_status":"closed","template":"","meta":{"footnotes":""},"class_list":["post-767","page","type-page","status-publish","hentry"],"yoast_head":"<!-- This site is optimized with the Yoast SEO plugin v27.5 - https:\/\/yoast.com\/product\/yoast-seo-wordpress\/ -->\n<title>Formation | Microsystem : Informatique Chamb\u00e9ry<\/title>\n<meta name=\"description\" content=\"La formation est plus qu&#039;utile pour bien utiliser les outils informatiques et surtout pour \u00e9viter les cyberattaques.\" \/>\n<meta name=\"robots\" content=\"index, follow, max-snippet:-1, max-image-preview:large, max-video-preview:-1\" \/>\n<link rel=\"canonical\" href=\"https:\/\/www.informatique-chambery.fr\/?page_id=767\" \/>\n<meta name=\"twitter:card\" content=\"summary_large_image\" \/>\n<meta name=\"twitter:title\" content=\"Formation | Microsystem : Informatique Chamb\u00e9ry\" \/>\n<meta name=\"twitter:description\" content=\"La formation est plus qu&#039;utile pour bien utiliser les outils informatiques et surtout pour \u00e9viter les cyberattaques.\" \/>\n<meta name=\"twitter:image\" content=\"https:\/\/www.informatique-chambery.fr\/wp-content\/uploads\/2020\/11\/Formation-WebLibrePME.png\" \/>\n<meta name=\"twitter:site\" content=\"@WwwMicrosystem\" \/>\n<script type=\"application\/ld+json\" class=\"yoast-schema-graph\">{\"@context\":\"https:\\\/\\\/schema.org\",\"@graph\":[{\"@type\":\"WebPage\",\"@id\":\"https:\\\/\\\/www.informatique-chambery.fr\\\/?page_id=767\",\"url\":\"https:\\\/\\\/www.informatique-chambery.fr\\\/?page_id=767\",\"name\":\"Formation | Microsystem : Informatique Chamb\u00e9ry\",\"isPartOf\":{\"@id\":\"https:\\\/\\\/www.informatique-chambery.fr\\\/#website\"},\"primaryImageOfPage\":{\"@id\":\"https:\\\/\\\/www.informatique-chambery.fr\\\/?page_id=767#primaryimage\"},\"image\":{\"@id\":\"https:\\\/\\\/www.informatique-chambery.fr\\\/?page_id=767#primaryimage\"},\"thumbnailUrl\":\"https:\\\/\\\/www.informatique-chambery.fr\\\/wp-content\\\/uploads\\\/2020\\\/11\\\/Formation-WebLibrePME.png\",\"datePublished\":\"2020-11-14T11:57:15+00:00\",\"dateModified\":\"2021-06-27T15:55:16+00:00\",\"description\":\"La formation est plus qu'utile pour bien utiliser les outils informatiques et surtout pour \u00e9viter les cyberattaques.\",\"breadcrumb\":{\"@id\":\"https:\\\/\\\/www.informatique-chambery.fr\\\/?page_id=767#breadcrumb\"},\"inLanguage\":\"fr-FR\",\"potentialAction\":[{\"@type\":\"ReadAction\",\"target\":[\"https:\\\/\\\/www.informatique-chambery.fr\\\/?page_id=767\"]}]},{\"@type\":\"ImageObject\",\"inLanguage\":\"fr-FR\",\"@id\":\"https:\\\/\\\/www.informatique-chambery.fr\\\/?page_id=767#primaryimage\",\"url\":\"https:\\\/\\\/www.informatique-chambery.fr\\\/wp-content\\\/uploads\\\/2020\\\/11\\\/Formation-WebLibrePME.png\",\"contentUrl\":\"https:\\\/\\\/www.informatique-chambery.fr\\\/wp-content\\\/uploads\\\/2020\\\/11\\\/Formation-WebLibrePME.png\",\"width\":1212,\"height\":921,\"caption\":\"Formation Informatique\"},{\"@type\":\"BreadcrumbList\",\"@id\":\"https:\\\/\\\/www.informatique-chambery.fr\\\/?page_id=767#breadcrumb\",\"itemListElement\":[{\"@type\":\"ListItem\",\"position\":1,\"name\":\"Accueil\",\"item\":\"https:\\\/\\\/www.informatique-chambery.fr\\\/\"},{\"@type\":\"ListItem\",\"position\":2,\"name\":\"Formation\"}]},{\"@type\":\"WebSite\",\"@id\":\"https:\\\/\\\/www.informatique-chambery.fr\\\/#website\",\"url\":\"https:\\\/\\\/www.informatique-chambery.fr\\\/\",\"name\":\"Microsystem : Informatique Chamb\u00e9ry\",\"description\":\"Installation | Maintenance  |  S\u00e9curit\u00e9 syst\u00e8mes et r\u00e9seaux | t\u00e9l : 09.72.57.79.25\",\"publisher\":{\"@id\":\"https:\\\/\\\/www.informatique-chambery.fr\\\/#organization\"},\"potentialAction\":[{\"@type\":\"SearchAction\",\"target\":{\"@type\":\"EntryPoint\",\"urlTemplate\":\"https:\\\/\\\/www.informatique-chambery.fr\\\/?s={search_term_string}\"},\"query-input\":{\"@type\":\"PropertyValueSpecification\",\"valueRequired\":true,\"valueName\":\"search_term_string\"}}],\"inLanguage\":\"fr-FR\"},{\"@type\":\"Organization\",\"@id\":\"https:\\\/\\\/www.informatique-chambery.fr\\\/#organization\",\"name\":\"Informatique Pro\",\"url\":\"https:\\\/\\\/www.informatique-chambery.fr\\\/\",\"logo\":{\"@type\":\"ImageObject\",\"inLanguage\":\"fr-FR\",\"@id\":\"https:\\\/\\\/www.informatique-chambery.fr\\\/#\\\/schema\\\/logo\\\/image\\\/\",\"url\":\"https:\\\/\\\/www.informatique-chambery.fr\\\/wp-content\\\/uploads\\\/2019\\\/01\\\/Capture-du-2018-12-29-21-55-59.png\",\"contentUrl\":\"https:\\\/\\\/www.informatique-chambery.fr\\\/wp-content\\\/uploads\\\/2019\\\/01\\\/Capture-du-2018-12-29-21-55-59.png\",\"width\":747,\"height\":342,\"caption\":\"Informatique Pro\"},\"image\":{\"@id\":\"https:\\\/\\\/www.informatique-chambery.fr\\\/#\\\/schema\\\/logo\\\/image\\\/\"},\"sameAs\":[\"https:\\\/\\\/x.com\\\/WwwMicrosystem\",\"https:\\\/\\\/fr.linkedin.com\\\/in\\\/michel-tepes-596759bb\"]}]}<\/script>\n<!-- \/ Yoast SEO plugin. -->","yoast_head_json":{"title":"Formation | Microsystem : Informatique Chamb\u00e9ry","description":"La formation est plus qu'utile pour bien utiliser les outils informatiques et surtout pour \u00e9viter les cyberattaques.","robots":{"index":"index","follow":"follow","max-snippet":"max-snippet:-1","max-image-preview":"max-image-preview:large","max-video-preview":"max-video-preview:-1"},"canonical":"https:\/\/www.informatique-chambery.fr\/?page_id=767","twitter_card":"summary_large_image","twitter_title":"Formation | Microsystem : Informatique Chamb\u00e9ry","twitter_description":"La formation est plus qu'utile pour bien utiliser les outils informatiques et surtout pour \u00e9viter les cyberattaques.","twitter_image":"https:\/\/www.informatique-chambery.fr\/wp-content\/uploads\/2020\/11\/Formation-WebLibrePME.png","twitter_site":"@WwwMicrosystem","schema":{"@context":"https:\/\/schema.org","@graph":[{"@type":"WebPage","@id":"https:\/\/www.informatique-chambery.fr\/?page_id=767","url":"https:\/\/www.informatique-chambery.fr\/?page_id=767","name":"Formation | Microsystem : Informatique Chamb\u00e9ry","isPartOf":{"@id":"https:\/\/www.informatique-chambery.fr\/#website"},"primaryImageOfPage":{"@id":"https:\/\/www.informatique-chambery.fr\/?page_id=767#primaryimage"},"image":{"@id":"https:\/\/www.informatique-chambery.fr\/?page_id=767#primaryimage"},"thumbnailUrl":"https:\/\/www.informatique-chambery.fr\/wp-content\/uploads\/2020\/11\/Formation-WebLibrePME.png","datePublished":"2020-11-14T11:57:15+00:00","dateModified":"2021-06-27T15:55:16+00:00","description":"La formation est plus qu'utile pour bien utiliser les outils informatiques et surtout pour \u00e9viter les cyberattaques.","breadcrumb":{"@id":"https:\/\/www.informatique-chambery.fr\/?page_id=767#breadcrumb"},"inLanguage":"fr-FR","potentialAction":[{"@type":"ReadAction","target":["https:\/\/www.informatique-chambery.fr\/?page_id=767"]}]},{"@type":"ImageObject","inLanguage":"fr-FR","@id":"https:\/\/www.informatique-chambery.fr\/?page_id=767#primaryimage","url":"https:\/\/www.informatique-chambery.fr\/wp-content\/uploads\/2020\/11\/Formation-WebLibrePME.png","contentUrl":"https:\/\/www.informatique-chambery.fr\/wp-content\/uploads\/2020\/11\/Formation-WebLibrePME.png","width":1212,"height":921,"caption":"Formation Informatique"},{"@type":"BreadcrumbList","@id":"https:\/\/www.informatique-chambery.fr\/?page_id=767#breadcrumb","itemListElement":[{"@type":"ListItem","position":1,"name":"Accueil","item":"https:\/\/www.informatique-chambery.fr\/"},{"@type":"ListItem","position":2,"name":"Formation"}]},{"@type":"WebSite","@id":"https:\/\/www.informatique-chambery.fr\/#website","url":"https:\/\/www.informatique-chambery.fr\/","name":"Microsystem : Informatique Chamb\u00e9ry","description":"Installation | Maintenance  |  S\u00e9curit\u00e9 syst\u00e8mes et r\u00e9seaux | t\u00e9l : 09.72.57.79.25","publisher":{"@id":"https:\/\/www.informatique-chambery.fr\/#organization"},"potentialAction":[{"@type":"SearchAction","target":{"@type":"EntryPoint","urlTemplate":"https:\/\/www.informatique-chambery.fr\/?s={search_term_string}"},"query-input":{"@type":"PropertyValueSpecification","valueRequired":true,"valueName":"search_term_string"}}],"inLanguage":"fr-FR"},{"@type":"Organization","@id":"https:\/\/www.informatique-chambery.fr\/#organization","name":"Informatique Pro","url":"https:\/\/www.informatique-chambery.fr\/","logo":{"@type":"ImageObject","inLanguage":"fr-FR","@id":"https:\/\/www.informatique-chambery.fr\/#\/schema\/logo\/image\/","url":"https:\/\/www.informatique-chambery.fr\/wp-content\/uploads\/2019\/01\/Capture-du-2018-12-29-21-55-59.png","contentUrl":"https:\/\/www.informatique-chambery.fr\/wp-content\/uploads\/2019\/01\/Capture-du-2018-12-29-21-55-59.png","width":747,"height":342,"caption":"Informatique Pro"},"image":{"@id":"https:\/\/www.informatique-chambery.fr\/#\/schema\/logo\/image\/"},"sameAs":["https:\/\/x.com\/WwwMicrosystem","https:\/\/fr.linkedin.com\/in\/michel-tepes-596759bb"]}]}},"_links":{"self":[{"href":"https:\/\/www.informatique-chambery.fr\/index.php?rest_route=\/wp\/v2\/pages\/767","targetHints":{"allow":["GET"]}}],"collection":[{"href":"https:\/\/www.informatique-chambery.fr\/index.php?rest_route=\/wp\/v2\/pages"}],"about":[{"href":"https:\/\/www.informatique-chambery.fr\/index.php?rest_route=\/wp\/v2\/types\/page"}],"author":[{"embeddable":true,"href":"https:\/\/www.informatique-chambery.fr\/index.php?rest_route=\/wp\/v2\/users\/1"}],"replies":[{"embeddable":true,"href":"https:\/\/www.informatique-chambery.fr\/index.php?rest_route=%2Fwp%2Fv2%2Fcomments&post=767"}],"version-history":[{"count":5,"href":"https:\/\/www.informatique-chambery.fr\/index.php?rest_route=\/wp\/v2\/pages\/767\/revisions"}],"predecessor-version":[{"id":1000,"href":"https:\/\/www.informatique-chambery.fr\/index.php?rest_route=\/wp\/v2\/pages\/767\/revisions\/1000"}],"wp:attachment":[{"href":"https:\/\/www.informatique-chambery.fr\/index.php?rest_route=%2Fwp%2Fv2%2Fmedia&parent=767"}],"curies":[{"name":"wp","href":"https:\/\/api.w.org\/{rel}","templated":true}]}}