{"id":973,"date":"2020-12-04T14:57:51","date_gmt":"2020-12-04T13:57:51","guid":{"rendered":"https:\/\/www.informatique-chambery.fr\/?page_id=973"},"modified":"2020-12-04T14:57:51","modified_gmt":"2020-12-04T13:57:51","slug":"referencement-google","status":"publish","type":"page","link":"https:\/\/www.informatique-chambery.fr\/?page_id=973","title":{"rendered":"Referencement Google"},"content":{"rendered":"<h4 class=\"text action_box-title\">&lt; a title=\u00a0\u00bbReferencement Google\u00a0\u00bb href=\u00a0\u00bbhttp:\/\/www.referencement-google-gratuit.com\/\u00a0\u00bb &gt;Referencement Google&lt; \/a&gt;&rsquo;<br \/>\nSupprimer les espaces entre &lt; a et entre &lt; \/a&gt;<\/h4>\n<h4 class=\"text action_box-title\"><span style=\"font-family: Arial, Helvetica, sans-serif;\">\u00a0<\/span><\/h4>\n","protected":false},"excerpt":{"rendered":"<p>&lt; a title=\u00a0\u00bbReferencement Google\u00a0\u00bb href=\u00a0\u00bbhttp:\/\/www.referencement-google-gratuit.com\/\u00a0\u00bb &gt;Referencement Google&lt; \/a&gt;&rsquo; Supprimer les espaces entre &lt; a et entre &lt; \/a&gt; \u00a0<\/p>\n","protected":false},"author":1,"featured_media":0,"parent":0,"menu_order":0,"comment_status":"closed","ping_status":"closed","template":"","meta":{"footnotes":""},"class_list":["post-973","page","type-page","status-publish","hentry"],"yoast_head":"<!-- This site is optimized with the Yoast SEO plugin v27.5 - https:\/\/yoast.com\/product\/yoast-seo-wordpress\/ -->\n<title>Referencement Google | Microsystem : Informatique Chamb\u00e9ry<\/title>\n<meta name=\"robots\" content=\"index, follow, max-snippet:-1, max-image-preview:large, max-video-preview:-1\" \/>\n<link rel=\"canonical\" href=\"https:\/\/www.informatique-chambery.fr\/?page_id=973\" \/>\n<meta name=\"twitter:card\" content=\"summary_large_image\" \/>\n<meta name=\"twitter:title\" content=\"Referencement Google | Microsystem : Informatique Chamb\u00e9ry\" \/>\n<meta name=\"twitter:description\" content=\"&lt; a title=\u00a0\u00bbReferencement Google\u00a0\u00bb href=\u00a0\u00bbhttp:\/\/www.referencement-google-gratuit.com\/\u00a0\u00bb &gt;Referencement Google&lt; \/a&gt;&rsquo; Supprimer les espaces entre &lt; a et entre &lt; \/a&gt; \u00a0\" \/>\n<meta name=\"twitter:site\" content=\"@WwwMicrosystem\" \/>\n<script type=\"application\/ld+json\" class=\"yoast-schema-graph\">{\"@context\":\"https:\\\/\\\/schema.org\",\"@graph\":[{\"@type\":\"WebPage\",\"@id\":\"https:\\\/\\\/www.informatique-chambery.fr\\\/?page_id=973\",\"url\":\"https:\\\/\\\/www.informatique-chambery.fr\\\/?page_id=973\",\"name\":\"Referencement Google | Microsystem : Informatique Chamb\u00e9ry\",\"isPartOf\":{\"@id\":\"https:\\\/\\\/www.informatique-chambery.fr\\\/#website\"},\"datePublished\":\"2020-12-04T13:57:51+00:00\",\"breadcrumb\":{\"@id\":\"https:\\\/\\\/www.informatique-chambery.fr\\\/?page_id=973#breadcrumb\"},\"inLanguage\":\"fr-FR\",\"potentialAction\":[{\"@type\":\"ReadAction\",\"target\":[\"https:\\\/\\\/www.informatique-chambery.fr\\\/?page_id=973\"]}]},{\"@type\":\"BreadcrumbList\",\"@id\":\"https:\\\/\\\/www.informatique-chambery.fr\\\/?page_id=973#breadcrumb\",\"itemListElement\":[{\"@type\":\"ListItem\",\"position\":1,\"name\":\"Accueil\",\"item\":\"https:\\\/\\\/www.informatique-chambery.fr\\\/\"},{\"@type\":\"ListItem\",\"position\":2,\"name\":\"Referencement Google\"}]},{\"@type\":\"WebSite\",\"@id\":\"https:\\\/\\\/www.informatique-chambery.fr\\\/#website\",\"url\":\"https:\\\/\\\/www.informatique-chambery.fr\\\/\",\"name\":\"Microsystem : Informatique Chamb\u00e9ry\",\"description\":\"Installation | Maintenance  |  S\u00e9curit\u00e9 syst\u00e8mes et r\u00e9seaux | t\u00e9l : 09.72.57.79.25\",\"publisher\":{\"@id\":\"https:\\\/\\\/www.informatique-chambery.fr\\\/#organization\"},\"potentialAction\":[{\"@type\":\"SearchAction\",\"target\":{\"@type\":\"EntryPoint\",\"urlTemplate\":\"https:\\\/\\\/www.informatique-chambery.fr\\\/?s={search_term_string}\"},\"query-input\":{\"@type\":\"PropertyValueSpecification\",\"valueRequired\":true,\"valueName\":\"search_term_string\"}}],\"inLanguage\":\"fr-FR\"},{\"@type\":\"Organization\",\"@id\":\"https:\\\/\\\/www.informatique-chambery.fr\\\/#organization\",\"name\":\"Informatique Pro\",\"url\":\"https:\\\/\\\/www.informatique-chambery.fr\\\/\",\"logo\":{\"@type\":\"ImageObject\",\"inLanguage\":\"fr-FR\",\"@id\":\"https:\\\/\\\/www.informatique-chambery.fr\\\/#\\\/schema\\\/logo\\\/image\\\/\",\"url\":\"https:\\\/\\\/www.informatique-chambery.fr\\\/wp-content\\\/uploads\\\/2019\\\/01\\\/Capture-du-2018-12-29-21-55-59.png\",\"contentUrl\":\"https:\\\/\\\/www.informatique-chambery.fr\\\/wp-content\\\/uploads\\\/2019\\\/01\\\/Capture-du-2018-12-29-21-55-59.png\",\"width\":747,\"height\":342,\"caption\":\"Informatique Pro\"},\"image\":{\"@id\":\"https:\\\/\\\/www.informatique-chambery.fr\\\/#\\\/schema\\\/logo\\\/image\\\/\"},\"sameAs\":[\"https:\\\/\\\/x.com\\\/WwwMicrosystem\",\"https:\\\/\\\/fr.linkedin.com\\\/in\\\/michel-tepes-596759bb\"]}]}<\/script>\n<!-- \/ Yoast SEO plugin. -->","yoast_head_json":{"title":"Referencement Google | Microsystem : Informatique Chamb\u00e9ry","robots":{"index":"index","follow":"follow","max-snippet":"max-snippet:-1","max-image-preview":"max-image-preview:large","max-video-preview":"max-video-preview:-1"},"canonical":"https:\/\/www.informatique-chambery.fr\/?page_id=973","twitter_card":"summary_large_image","twitter_title":"Referencement Google | Microsystem : Informatique Chamb\u00e9ry","twitter_description":"&lt; a title=\u00a0\u00bbReferencement Google\u00a0\u00bb href=\u00a0\u00bbhttp:\/\/www.referencement-google-gratuit.com\/\u00a0\u00bb &gt;Referencement Google&lt; \/a&gt;&rsquo; Supprimer les espaces entre &lt; a et entre &lt; \/a&gt; \u00a0","twitter_site":"@WwwMicrosystem","schema":{"@context":"https:\/\/schema.org","@graph":[{"@type":"WebPage","@id":"https:\/\/www.informatique-chambery.fr\/?page_id=973","url":"https:\/\/www.informatique-chambery.fr\/?page_id=973","name":"Referencement Google | Microsystem : Informatique Chamb\u00e9ry","isPartOf":{"@id":"https:\/\/www.informatique-chambery.fr\/#website"},"datePublished":"2020-12-04T13:57:51+00:00","breadcrumb":{"@id":"https:\/\/www.informatique-chambery.fr\/?page_id=973#breadcrumb"},"inLanguage":"fr-FR","potentialAction":[{"@type":"ReadAction","target":["https:\/\/www.informatique-chambery.fr\/?page_id=973"]}]},{"@type":"BreadcrumbList","@id":"https:\/\/www.informatique-chambery.fr\/?page_id=973#breadcrumb","itemListElement":[{"@type":"ListItem","position":1,"name":"Accueil","item":"https:\/\/www.informatique-chambery.fr\/"},{"@type":"ListItem","position":2,"name":"Referencement Google"}]},{"@type":"WebSite","@id":"https:\/\/www.informatique-chambery.fr\/#website","url":"https:\/\/www.informatique-chambery.fr\/","name":"Microsystem : Informatique Chamb\u00e9ry","description":"Installation | Maintenance  |  S\u00e9curit\u00e9 syst\u00e8mes et r\u00e9seaux | t\u00e9l : 09.72.57.79.25","publisher":{"@id":"https:\/\/www.informatique-chambery.fr\/#organization"},"potentialAction":[{"@type":"SearchAction","target":{"@type":"EntryPoint","urlTemplate":"https:\/\/www.informatique-chambery.fr\/?s={search_term_string}"},"query-input":{"@type":"PropertyValueSpecification","valueRequired":true,"valueName":"search_term_string"}}],"inLanguage":"fr-FR"},{"@type":"Organization","@id":"https:\/\/www.informatique-chambery.fr\/#organization","name":"Informatique Pro","url":"https:\/\/www.informatique-chambery.fr\/","logo":{"@type":"ImageObject","inLanguage":"fr-FR","@id":"https:\/\/www.informatique-chambery.fr\/#\/schema\/logo\/image\/","url":"https:\/\/www.informatique-chambery.fr\/wp-content\/uploads\/2019\/01\/Capture-du-2018-12-29-21-55-59.png","contentUrl":"https:\/\/www.informatique-chambery.fr\/wp-content\/uploads\/2019\/01\/Capture-du-2018-12-29-21-55-59.png","width":747,"height":342,"caption":"Informatique Pro"},"image":{"@id":"https:\/\/www.informatique-chambery.fr\/#\/schema\/logo\/image\/"},"sameAs":["https:\/\/x.com\/WwwMicrosystem","https:\/\/fr.linkedin.com\/in\/michel-tepes-596759bb"]}]}},"_links":{"self":[{"href":"https:\/\/www.informatique-chambery.fr\/index.php?rest_route=\/wp\/v2\/pages\/973","targetHints":{"allow":["GET"]}}],"collection":[{"href":"https:\/\/www.informatique-chambery.fr\/index.php?rest_route=\/wp\/v2\/pages"}],"about":[{"href":"https:\/\/www.informatique-chambery.fr\/index.php?rest_route=\/wp\/v2\/types\/page"}],"author":[{"embeddable":true,"href":"https:\/\/www.informatique-chambery.fr\/index.php?rest_route=\/wp\/v2\/users\/1"}],"replies":[{"embeddable":true,"href":"https:\/\/www.informatique-chambery.fr\/index.php?rest_route=%2Fwp%2Fv2%2Fcomments&post=973"}],"version-history":[{"count":1,"href":"https:\/\/www.informatique-chambery.fr\/index.php?rest_route=\/wp\/v2\/pages\/973\/revisions"}],"predecessor-version":[{"id":975,"href":"https:\/\/www.informatique-chambery.fr\/index.php?rest_route=\/wp\/v2\/pages\/973\/revisions\/975"}],"wp:attachment":[{"href":"https:\/\/www.informatique-chambery.fr\/index.php?rest_route=%2Fwp%2Fv2%2Fmedia&parent=973"}],"curies":[{"name":"wp","href":"https:\/\/api.w.org\/{rel}","templated":true}]}}